{"id":126,"date":"2018-03-09T19:42:05","date_gmt":"2018-03-09T19:42:05","guid":{"rendered":"http:\/\/www.pucau.org\/?page_id=126"},"modified":"2018-03-22T14:03:32","modified_gmt":"2018-03-22T14:03:32","slug":"as-distancias","status":"publish","type":"page","link":"http:\/\/www.pucau.org\/?page_id=126","title":{"rendered":"O valor da l\u00e9gua"},"content":{"rendered":"<p style=\"text-align: justify;\">Um dos elementos determinantes para georreferenciar as entidades menos conhecidas e uma das chaves para solucionar novos top\u00f3nimos \u00e9 a medida com que se referem as dist\u00e2ncias na <em>Peregrina\u00e7\u00e3o<\/em>: a l\u00e9gua. Para compreender como se calculavam as dist\u00e2ncias trazemos este trecho em que se menciona o sol como referente para a navega\u00e7\u00e3o.<\/p>\n<p style=\"text-align: justify; padding-left: 30px;\"><i>\u201ce atrauessando daquy com ventos de mou\u00e7\u00e3o tendente, continuamos nosso caminho por espa\u00e7o de sete dias, no fim dos quais o tempo com a conjun\u00e7a\u00f5 da l\u0169a noua nos saltou ao Sul, e amea\u00e7andonos com chuueyros e mostras de inuerno, veyo em tamanho crecimento, que nos foy for\u00e7ado arribar em fim de roda com a proa ao rumo de Nornordeste por mar incognito, e nunca nauegado de na\u00e7a\u00f5 nenh\u0169a, sem sabermos por onde hiamos, entregues de todo ao arbitrio da fortuna e do t\u1ebdpo, com h\u0169a ta\u00f5 braua e ta\u00f5 excessiua tormenta, qual os hom\u1ebds nunca imaginara\u00f5, que nos durou cinco dias: e como em todos elles nunca vimos o Sol para o piloto saber porque altura caminhaua, s\u00f3 pela sua fraca estimatiua, sem conta de graos nem de minutos, pouco mais ou menos foy demandar a paragem das ilhas dos Papuaas, Selebres, e Mindanous que distaua\u00f5 daly seiscentas legoas\u201d<\/i> (Pinto, 1614, f\u00f3l. 284 reto).<\/p>\n<p style=\"text-align: justify;\">Considerando ent\u00e3o que a posi\u00e7\u00e3o de um objeto geogr\u00e1fico vem dada relativamente ao sol, e que as dist\u00e2ncias s\u00e3o tiradas em l\u00e9guas, pode-se calcular o valor para o Sistema M\u00e9trico Internacional:<\/p>\n<ul style=\"text-align: justify;\">\n<li style=\"list-style-type: none;\">\n<ul>\n<li>Uma l\u00e9gua tem 17.5 intervalos do grau (Albuquerque, 1987, p. 49)<\/li>\n<\/ul>\n<\/li>\n<\/ul>\n<ul style=\"text-align: justify;\">\n<li style=\"list-style-type: none;\">\n<ul>\n<li>a longitude aproximada da circunfer\u00eancia da Terra 40,000,000 m<\/li>\n<\/ul>\n<\/li>\n<\/ul>\n<ul style=\"text-align: justify;\">\n<li style=\"list-style-type: none;\">\n<ul>\n<li>360\u00b0 a circunfer\u00eancia.<\/li>\n<\/ul>\n<\/li>\n<\/ul>\n<p style=\"text-align: justify;\">Portanto, temos 40,000,000 m \/ 360\u00b0 = 111,111.1, a dividir pelo valor da l\u00e9gua 111,111.1 \/ 17.5 = 6,349 m tem uma l\u00e9gua.<\/p>\n<h3>Bibliografia<\/h3>\n<p style=\"text-align: justify\">Albuquerque, L. (1987). <em>As navega\u00e7\u00f5es e a sua projec\u00e7\u00e3o na ci\u00eancia e na cultura<\/em>. Lisboa: Gradiva.<\/p>\n<p style=\"text-align: justify\">Canosa, A. X. R. (2017). Algumas interse\u00e7\u00f5es disciplinares na recupera\u00e7\u00e3o da geografia da Peregrina\u00e7\u00e3o de Fern\u00e3o Mendes Pinto. <em>Fluxos e Riscos<\/em>, 2(2), 23-43. Dispon\u00edvel em: <a href=\"http:\/\/www.academia.edu\/35547657\/Fluxos_and_Riscos_Vol.2_No_1_2017_\">http:\/\/www.academia.edu\/35547657\/Fluxos_and_Riscos_Vol.2_No_1_2017_<\/a><\/p>\n","protected":false},"excerpt":{"rendered":"<p>Um dos elementos determinantes para georreferenciar as entidades menos conhecidas e uma das chaves para solucionar novos top\u00f3nimos \u00e9 a medida com que se referem as dist\u00e2ncias na Peregrina\u00e7\u00e3o: a l\u00e9gua. Para compreender como se calculavam as dist\u00e2ncias trazemos este trecho em que se menciona o sol como referente para a navega\u00e7\u00e3o. \u201ce atrauessando daquy &hellip; <\/p>\n<p class=\"link-more\"><a href=\"http:\/\/www.pucau.org\/?page_id=126\" class=\"more-link\">Continue reading<span class=\"screen-reader-text\"> &#8220;O valor da l\u00e9gua&#8221;<\/span><\/a><\/p>\n","protected":false},"author":2,"featured_media":0,"parent":0,"menu_order":0,"comment_status":"closed","ping_status":"closed","template":"","meta":{"_monsterinsights_skip_tracking":false,"_monsterinsights_sitenote_active":false,"_monsterinsights_sitenote_note":"","_monsterinsights_sitenote_category":0,"footnotes":""},"_links":{"self":[{"href":"http:\/\/www.pucau.org\/index.php?rest_route=\/wp\/v2\/pages\/126"}],"collection":[{"href":"http:\/\/www.pucau.org\/index.php?rest_route=\/wp\/v2\/pages"}],"about":[{"href":"http:\/\/www.pucau.org\/index.php?rest_route=\/wp\/v2\/types\/page"}],"author":[{"embeddable":true,"href":"http:\/\/www.pucau.org\/index.php?rest_route=\/wp\/v2\/users\/2"}],"replies":[{"embeddable":true,"href":"http:\/\/www.pucau.org\/index.php?rest_route=%2Fwp%2Fv2%2Fcomments&post=126"}],"version-history":[{"count":10,"href":"http:\/\/www.pucau.org\/index.php?rest_route=\/wp\/v2\/pages\/126\/revisions"}],"predecessor-version":[{"id":236,"href":"http:\/\/www.pucau.org\/index.php?rest_route=\/wp\/v2\/pages\/126\/revisions\/236"}],"wp:attachment":[{"href":"http:\/\/www.pucau.org\/index.php?rest_route=%2Fwp%2Fv2%2Fmedia&parent=126"}],"curies":[{"name":"wp","href":"https:\/\/api.w.org\/{rel}","templated":true}]}}