{"id":9,"date":"2018-03-09T10:08:04","date_gmt":"2018-03-09T10:08:04","guid":{"rendered":"http:\/\/www.pucau.org\/?page_id=9"},"modified":"2026-02-26T08:40:11","modified_gmt":"2026-02-26T08:40:11","slug":"about","status":"publish","type":"page","link":"http:\/\/www.pucau.org\/?page_id=9","title":{"rendered":"Os lugares no contexto"},"content":{"rendered":"\n<div style=\"text-align: justify;\">As entidades geogr\u00e1ficas mencionadas na <em>Peregrina\u00e7\u00e3o<\/em>. Aqui pode consultar todos os contextos em que aparece cada um dos top\u00f3nimos e gent\u00edlicos mencionados na <em>Peregrina\u00e7\u00e3o<\/em>. Na p\u00e1gina de <a href=\"http:\/\/www.pucau.org\/?page_id=219\">bibliografia<\/a> mostram-se trabalhos de utilidade para a an\u00e1lise cr\u00edtica das refer\u00eancias geogr\u00e1ficas comentadas nas liga\u00e7\u00f5es em baixo.\n<p><\/p><\/div>\n\n\n\n","protected":false},"excerpt":{"rendered":"<p>As entidades geogr\u00e1ficas mencionadas na Peregrina\u00e7\u00e3o. Aqui pode consultar todos os contextos em que aparece cada um dos top\u00f3nimos e gent\u00edlicos mencionados na Peregrina\u00e7\u00e3o. Na p\u00e1gina de bibliografia mostram-se trabalhos de utilidade para a an\u00e1lise cr\u00edtica das refer\u00eancias geogr\u00e1ficas comentadas nas liga\u00e7\u00f5es em baixo.<\/p>\n","protected":false},"author":2,"featured_media":313,"parent":12,"menu_order":0,"comment_status":"closed","ping_status":"closed","template":"","meta":{"_monsterinsights_skip_tracking":false,"_monsterinsights_sitenote_active":false,"_monsterinsights_sitenote_note":"","_monsterinsights_sitenote_category":0,"footnotes":""},"_links":{"self":[{"href":"http:\/\/www.pucau.org\/index.php?rest_route=\/wp\/v2\/pages\/9"}],"collection":[{"href":"http:\/\/www.pucau.org\/index.php?rest_route=\/wp\/v2\/pages"}],"about":[{"href":"http:\/\/www.pucau.org\/index.php?rest_route=\/wp\/v2\/types\/page"}],"author":[{"embeddable":true,"href":"http:\/\/www.pucau.org\/index.php?rest_route=\/wp\/v2\/users\/2"}],"replies":[{"embeddable":true,"href":"http:\/\/www.pucau.org\/index.php?rest_route=%2Fwp%2Fv2%2Fcomments&post=9"}],"version-history":[{"count":38,"href":"http:\/\/www.pucau.org\/index.php?rest_route=\/wp\/v2\/pages\/9\/revisions"}],"predecessor-version":[{"id":381,"href":"http:\/\/www.pucau.org\/index.php?rest_route=\/wp\/v2\/pages\/9\/revisions\/381"}],"up":[{"embeddable":true,"href":"http:\/\/www.pucau.org\/index.php?rest_route=\/wp\/v2\/pages\/12"}],"wp:featuredmedia":[{"embeddable":true,"href":"http:\/\/www.pucau.org\/index.php?rest_route=\/wp\/v2\/media\/313"}],"wp:attachment":[{"href":"http:\/\/www.pucau.org\/index.php?rest_route=%2Fwp%2Fv2%2Fmedia&parent=9"}],"curies":[{"name":"wp","href":"https:\/\/api.w.org\/{rel}","templated":true}]}}