{"id":10,"date":"2018-03-09T10:08:04","date_gmt":"2018-03-09T10:08:04","guid":{"rendered":"http:\/\/www.pucau.org\/?page_id=10"},"modified":"2018-03-13T08:04:04","modified_gmt":"2018-03-13T08:04:04","slug":"contact","status":"publish","type":"page","link":"https:\/\/www.pucau.org\/?page_id=10","title":{"rendered":"Colabora"},"content":{"rendered":"<div style=\"text-align:justify\">\n<h3>Podes colaborar&#8230;<\/h3>\n<ul>\n<li>Enviando uma mensagem sobre o site, sugest\u00f5es de melhora e aplica\u00e7\u00f5es dos recursos aqui dispon\u00edveis.<\/li>\n<div class=\"wpforms-container wpforms-container-full\" id=\"wpforms-182\"><form id=\"wpforms-form-182\" class=\"wpforms-validate wpforms-form\" data-formid=\"182\" method=\"post\" enctype=\"multipart\/form-data\" action=\"\/index.php?rest_route=%2Fwp%2Fv2%2Fpages%2F10\" data-token=\"f7993defba933acdaa1e03145c22c3cf\" data-token-time=\"1777467075\"><noscript class=\"wpforms-error-noscript\">Please enable JavaScript in your browser to complete this form.<\/noscript><div class=\"wpforms-field-container\"><div id=\"wpforms-182-field_0-container\" class=\"wpforms-field wpforms-field-name\" data-field-id=\"0\"><label class=\"wpforms-field-label\" for=\"wpforms-182-field_0\">Nome <span class=\"wpforms-required-label\">*<\/span><\/label><input type=\"text\" id=\"wpforms-182-field_0\" class=\"wpforms-field-medium wpforms-field-required\" name=\"wpforms[fields][0]\" required><\/div><div id=\"wpforms-182-field_1-container\" class=\"wpforms-field wpforms-field-email\" data-field-id=\"1\"><label class=\"wpforms-field-label\" for=\"wpforms-182-field_1\">Email <span class=\"wpforms-required-label\">*<\/span><\/label><input type=\"email\" id=\"wpforms-182-field_1\" class=\"wpforms-field-medium wpforms-field-required\" name=\"wpforms[fields][1]\" spellcheck=\"false\" required><\/div><div id=\"wpforms-182-field_3-container\" class=\"wpforms-field wpforms-field-text\" data-field-id=\"3\"><label class=\"wpforms-field-label\" for=\"wpforms-182-field_3\">Assunto <span class=\"wpforms-required-label\">*<\/span><\/label><input type=\"text\" id=\"wpforms-182-field_3\" class=\"wpforms-field-medium wpforms-field-required\" name=\"wpforms[fields][3]\" required><\/div><div id=\"wpforms-182-field_4-container\" class=\"wpforms-field wpforms-field-textarea\" data-field-id=\"4\"><label class=\"wpforms-field-label\" for=\"wpforms-182-field_4\">Mensagem <span class=\"wpforms-required-label\">*<\/span><\/label><textarea id=\"wpforms-182-field_4\" class=\"wpforms-field-medium wpforms-field-required\" name=\"wpforms[fields][4]\" required><\/textarea><\/div><\/div><!-- .wpforms-field-container --><div class=\"wpforms-field wpforms-field-hp\"><label for=\"wpforms-182-field-hp\" class=\"wpforms-field-label\">Message<\/label><input type=\"text\" name=\"wpforms[hp]\" id=\"wpforms-182-field-hp\" class=\"wpforms-field-medium\"><\/div><div class=\"wpforms-submit-container\" ><input type=\"hidden\" name=\"wpforms[id]\" value=\"182\"><input type=\"hidden\" name=\"page_title\" value=\"\"><input type=\"hidden\" name=\"page_url\" value=\"https:\/\/www.pucau.org\/index.php?rest_route=\/wp\/v2\/pages\/10\"><input type=\"hidden\" name=\"url_referer\" value=\"\"><button type=\"submit\" name=\"wpforms[submit]\" id=\"wpforms-submit-182\" class=\"wpforms-submit\" data-alt-text=\"Processando\" data-submit-text=\"Enviar\" aria-live=\"assertive\" value=\"wpforms-submit\">Enviar<\/button><\/div><\/form><\/div>  <!-- .wpforms-container -->\n<li>Com uma <a href=\"http:\/\/www.pucau.org\/?asp-products=doar\">contribui\u00e7\u00e3o<\/a> para os gastos de manuten\u00e7\u00e3o e desenvolvimento do site.\n<li>Com uma liga\u00e7\u00e3o ao site nas redes sociais.<\/li>\n<li>Lendo a <em>Peregrina\u00e7\u00e3o<\/em>\u00a0e partilhando a obra de Fern\u00e3o Mendes Pinto.<\/li>\n<\/ul>\n<\/div>\n","protected":false},"excerpt":{"rendered":"<p>Podes colaborar&#8230; Enviando uma mensagem sobre o site, sugest\u00f5es de melhora e aplica\u00e7\u00f5es dos recursos aqui dispon\u00edveis. Com uma contribui\u00e7\u00e3o para os gastos de manuten\u00e7\u00e3o e desenvolvimento do site. Com uma liga\u00e7\u00e3o ao site nas redes sociais. Lendo a Peregrina\u00e7\u00e3o\u00a0e partilhando a obra de Fern\u00e3o Mendes Pinto.<\/p>\n","protected":false},"author":2,"featured_media":0,"parent":0,"menu_order":0,"comment_status":"closed","ping_status":"closed","template":"","meta":{"_monsterinsights_skip_tracking":false,"_monsterinsights_sitenote_active":false,"_monsterinsights_sitenote_note":"","_monsterinsights_sitenote_category":0,"footnotes":""},"_links":{"self":[{"href":"https:\/\/www.pucau.org\/index.php?rest_route=\/wp\/v2\/pages\/10"}],"collection":[{"href":"https:\/\/www.pucau.org\/index.php?rest_route=\/wp\/v2\/pages"}],"about":[{"href":"https:\/\/www.pucau.org\/index.php?rest_route=\/wp\/v2\/types\/page"}],"author":[{"embeddable":true,"href":"https:\/\/www.pucau.org\/index.php?rest_route=\/wp\/v2\/users\/2"}],"replies":[{"embeddable":true,"href":"https:\/\/www.pucau.org\/index.php?rest_route=%2Fwp%2Fv2%2Fcomments&post=10"}],"version-history":[{"count":14,"href":"https:\/\/www.pucau.org\/index.php?rest_route=\/wp\/v2\/pages\/10\/revisions"}],"predecessor-version":[{"id":203,"href":"https:\/\/www.pucau.org\/index.php?rest_route=\/wp\/v2\/pages\/10\/revisions\/203"}],"wp:attachment":[{"href":"https:\/\/www.pucau.org\/index.php?rest_route=%2Fwp%2Fv2%2Fmedia&parent=10"}],"curies":[{"name":"wp","href":"https:\/\/api.w.org\/{rel}","templated":true}]}}