{"id":116,"date":"2018-03-09T18:23:55","date_gmt":"2018-03-09T18:23:55","guid":{"rendered":"http:\/\/www.pucau.org\/?page_id=116"},"modified":"2018-03-13T11:58:48","modified_gmt":"2018-03-13T11:58:48","slug":"recursos","status":"publish","type":"page","link":"https:\/\/www.pucau.org\/?page_id=116","title":{"rendered":"Recursos para o estudo dos objetos geogr\u00e1ficos"},"content":{"rendered":"<h2>Dados para SIG<\/h2>\n<p style=\"text-align: justify;\">Dados para o processamento em Sistemas de Informa\u00e7\u00e3o Geogr\u00e1fica, <a href=\"http:\/\/www.pucau.org\/wp-content\/uploads\/2018\/03\/world_mendespinto_1550_3_kbq.zip\">formato shape<\/a>.<\/p>\n<h2>Documento KML<\/h2>\n<p style=\"text-align: justify;\">Permite visualizar os objetos em navegadores que suportem KML. Por exemplo, para explorar os itiner\u00e1rios e lugares em 3D no GoogleEarth. Pode-se baixar diretamente desde GoogleMaps em<br \/>\n<a href=\"http:\/\/goo.gl\/iqc3P\">http:\/\/goo.gl\/iqc3P<\/a>.<\/p>\n<p>&nbsp;<\/p>\n<p><a rel=\"license\" href=\"https:\/\/creativecommons.org\/licenses\/by\/4.0\/deed.pt\"><img decoding=\"async\" alt=\"Licen\u00e7a Creative Commons\" style=\"border-width:0\" src=\"https:\/\/i.creativecommons.org\/l\/by\/4.0\/88x31.png\" \/><\/a><br \/>Este trabalho est\u00e1 licenciado com uma Licen\u00e7a <a rel=\"license\" href=\"https:\/\/creativecommons.org\/licenses\/by\/4.0\/deed.pt\">Creative Commons &#8211; Atribui\u00e7\u00e3o  4.0 Internacional<\/a>.<\/p>\n","protected":false},"excerpt":{"rendered":"<p>Dados para SIG Dados para o processamento em Sistemas de Informa\u00e7\u00e3o Geogr\u00e1fica, formato shape. Documento KML Permite visualizar os objetos em navegadores que suportem KML. Por exemplo, para explorar os itiner\u00e1rios e lugares em 3D no GoogleEarth. Pode-se baixar diretamente desde GoogleMaps em http:\/\/goo.gl\/iqc3P. &nbsp; Este trabalho est\u00e1 licenciado com uma Licen\u00e7a Creative Commons &#8211; &hellip; <\/p>\n<p class=\"link-more\"><a href=\"https:\/\/www.pucau.org\/?page_id=116\" class=\"more-link\">Continue reading<span class=\"screen-reader-text\"> &#8220;Recursos para o estudo dos objetos geogr\u00e1ficos&#8221;<\/span><\/a><\/p>\n","protected":false},"author":2,"featured_media":125,"parent":0,"menu_order":0,"comment_status":"closed","ping_status":"closed","template":"","meta":{"_monsterinsights_skip_tracking":false,"_monsterinsights_sitenote_active":false,"_monsterinsights_sitenote_note":"","_monsterinsights_sitenote_category":0,"footnotes":""},"_links":{"self":[{"href":"https:\/\/www.pucau.org\/index.php?rest_route=\/wp\/v2\/pages\/116"}],"collection":[{"href":"https:\/\/www.pucau.org\/index.php?rest_route=\/wp\/v2\/pages"}],"about":[{"href":"https:\/\/www.pucau.org\/index.php?rest_route=\/wp\/v2\/types\/page"}],"author":[{"embeddable":true,"href":"https:\/\/www.pucau.org\/index.php?rest_route=\/wp\/v2\/users\/2"}],"replies":[{"embeddable":true,"href":"https:\/\/www.pucau.org\/index.php?rest_route=%2Fwp%2Fv2%2Fcomments&post=116"}],"version-history":[{"count":7,"href":"https:\/\/www.pucau.org\/index.php?rest_route=\/wp\/v2\/pages\/116\/revisions"}],"predecessor-version":[{"id":217,"href":"https:\/\/www.pucau.org\/index.php?rest_route=\/wp\/v2\/pages\/116\/revisions\/217"}],"wp:featuredmedia":[{"embeddable":true,"href":"https:\/\/www.pucau.org\/index.php?rest_route=\/wp\/v2\/media\/125"}],"wp:attachment":[{"href":"https:\/\/www.pucau.org\/index.php?rest_route=%2Fwp%2Fv2%2Fmedia&parent=116"}],"curies":[{"name":"wp","href":"https:\/\/api.w.org\/{rel}","templated":true}]}}