{"id":219,"date":"2018-03-20T10:43:43","date_gmt":"2018-03-20T10:43:43","guid":{"rendered":"http:\/\/www.pucau.org\/?page_id=219"},"modified":"2021-12-29T18:09:17","modified_gmt":"2021-12-29T18:09:17","slug":"bibliografia","status":"publish","type":"page","link":"https:\/\/www.pucau.org\/?page_id=219","title":{"rendered":"Bibliografia"},"content":{"rendered":"<div align=\"justify\">\n<p>Bibliografia utilizada para o estudo dos lugares mencionados na <em>Peregrina\u00e7\u00e3o<\/em>.<\/p>\n<h2>Abreviaturas<\/h2>\n<p><b>DHDP<\/b> Albuquerque, L. (Dir.). (1994). <em>Dicion\u00e1rio de Hist\u00f3ria dos Descobrimentos Portugueses<\/em>. 2 vols. Lisboa: Caminho.<\/p>\n<p><b>FMP<\/b> Pinto, F. M. (1614).<em> Peregrina\u00e7am<\/em>. Lisboa: Pedro Crasbeek. Edi\u00e7\u00e3o digital fac-similar: Biblioteca Nacional de Portugal. Dispon\u00edvel em: <a href=\"http:\/\/purl.pt\/82\">http:\/\/purl.pt\/82<\/a><\/p>\n<p><b>FMPP<\/b> Alves, J. S. (Dir.). (2010). <em>Fern\u00e3o Mendes Pinto and the Peregrina\u00e7\u00e3o<\/em>. 4 vols. Lisbon: Funda\u00e7\u00e3o Oriente.<\/p>\n<p><b>GT<\/b> Lagoa, V. (1950-53). <em>Gloss\u00e1rio Topon\u00edmico da Antiga Historiografia Portuguesa Ultramarina<\/em>. 4 vols. Lisboa: Junta de Investiga\u00e7\u00f5es Coloniais.<\/p>\n<h2>Bibliografia geral para o estudo hist\u00f3rico da topon\u00edmia da <em>Peregrina\u00e7\u00e3o<\/em><\/h2>\n<p>Albuquerque, L. (1983). <em>Ci\u00eancia e experi\u00eancia nos Descobrimentos Portugueses<\/em>. Lisboa: Instituto de Cultura e L\u00edngua Portuguesa<\/p>\n<p>Albuquerque, L. (1987). <em>As navega\u00e7\u00f5es e a sua projec\u00e7\u00e3o na ci\u00eancia e na cultura<\/em>. Lisboa: Gradiva<\/p>\n<p>Albuquerque, L. (1989a). <em>Introdu\u00e7\u00e3o \u00e0 Hist\u00f3ria dos Descobrimentos Portugueses<\/em> (3a ed. revista). Sintra: Europa Am\u00e9rica.<\/p>\n<p>Albuquerque, L. (Dir.). (1989b). <em>Portugal no Mundo<\/em>. 2 vols. [Lisboa]: Alfa.<\/p>\n<p>Albuquerque, L. (Dir.). (1994). <em>Dicion\u00e1rio de Hist\u00f3ria dos Descobrimentos Portugueses<\/em>. 2 vols. Lisboa: Caminho.<\/p>\n<p>Almeida, I. (Org.). (2017). <em>Peregrina\u00e7am 1614<\/em>. Universidade de Lisboa: Centro de Estudos Cl\u00e1ssicos.<\/p>\n<p>Alves, J. S. (Dir.). (2010). <em>Fern\u00e3o Mendes Pinto and the Peregrina\u00e7\u00e3o<\/em>. 4 vols. Lisbon: Funda\u00e7\u00e3o Oriente.<\/p>\n<p>Alves, J. S., &amp; Manguin P. (1997). <em>O Roteiro das Cousas do Achem de D. Jo\u00e3o Ribeiro Gaio: Um olhar portugu\u00eas sobre o Norte de Samatraem finais do s\u00e9culo XVI<\/em>. Lisboa: Comiss\u00e3o Nacional para as Comemora\u00e7\u00f5es dos Descobrimentos Portugueses.<\/p>\n<p>Aubin, J. (1996). <em>Le Latin et l\u2019Astrolabe. Recherches sur le Portugal de la Renaissance, son expansion en Asie et les Relations Internationales<\/em>. Lisbonne \/ Paris: Centre Culturel Calouste Gulbenkian \/ Commission Nationale pour les Comm\u00e9morations des D\u00e9couvertes Portugaises.<\/p>\n<p>Barreto, L. F. (2000). <em>Lavrar o Mar. Os Portugueses e a \u00c1sia<\/em>. Lisboa: Comiss\u00e3o Nacional para as Comemora\u00e7\u00f5es dos Descobrimentos Portugueses.<\/p>\n<p>Biedermann, Z. (Org.). (2010). Indexes. In J. S. Alves (Dir.), <em>Fern\u00e3o Mendes Pinto and the Peregrina\u00e7\u00e3o<\/em> (Vol. 4). Lisbon: Funda\u00e7\u00e3o Oriente.<\/p>\n<p>Boxer, C. R. (1977). <em>The Portuguese Seaborne Empire 1415- 1825<\/em>. London: Hutchinson.<\/p>\n<p>Boxer, C. R. (1989). <em>O Grande Navio de Amacau <\/em>(4a ed.). Lisboa: Funda\u00e7\u00e3o Oriente \/ Museu e Centro de Estudos Mar\u00edtimos de Macau.<\/p>\n<p>Carvalho, R. B. (2006).<em> La pr\u00e9sence portugaise a Ayuttahaya (Siam) aux XVIe et XVIIe si\u00e8cles<\/em>. (Tese de Mestrado, Ecole Pratique des Hautes Etudes, Paris).<\/p>\n<p>Chandeigne, M. (Dir). (1996). <em>Goa 1510-1685<\/em>. L\u2019Inde portugaise, apostolique et commerciale. Paris: Autrement.<\/p>\n<p>Cortes\u00e3o, J. (1981).<em> Os Descobrimentos Portugueses<\/em>. (3a ed.). 6 vols. Lisboa: Livros Horizonte.<\/p>\n<p>Costa, J. P. A. O. (1995). <em>A Descoberta da Civiliza\u00e7\u00e3o Japonesa pelos Portugueses<\/em>. [sem indica\u00e7\u00e3o de lugar]: Instituto Cultural de Macau \/ Instituto de Hist\u00f3ria de Al\u00e9m Mar.<\/p>\n<p>Couto, P. (2012). <em>The Marvellous Travels of Fernando Mendez Pinto across the Low Countries: Translation, Appropriation and Reception<\/em>. PhD diss., Universidade de Lisboa. Dispon\u00edvel em: <a href=\"http:\/\/hdl.handle.net\/10451\/6610\">http:\/\/hdl.handle.net\/10451\/6610<\/a><\/p>\n<p>Ferrand, G. (1922).<em> L\u2019empire sumatranais de Crivijaya<\/em>. Paris: Librairie Orientaliste Paul Geuthner.<\/p>\n<p>Flores, M. C. (1991).<em> Os Portugueses e o Si\u00e3o no S\u00e9culo XVI<\/em>. [Lisboa]: Comiss\u00e3o Nacional para as Comemora\u00e7\u00f5es dos Descobrimentos Portugueses.<\/p>\n<p>Flores, Alexandre M., Reinaldo Varela Gomes, &amp; R. H. Pereira de Sousa. (1983). <em>Fern\u00e3o Mendes Pinto. Subs\u00eddios para a sua Bio-Bibliografia<\/em>. [Almada]: C\u00e1mara Municipal da Almada.<\/p>\n<p>Gomes, R. V. (1983). Roteiro Geogr\u00e1fico atrav\u00e9s da Peregrina\u00e7\u00e3o. In A. M Flores, R. V. Gomes, &amp; R. H. P. Sousa. <em>Fern\u00e3o Mendes Pinto. Subs\u00eddios para a sua Bio-Bibliografia<\/em> (pp. 81-167). [Almada]: C\u00e1mara Municipal da Almada.<\/p>\n<p>Gra\u00e7a, L. (1989). Os Portugueses na Eti\u00f3pia; as duas primeiras embaixadas e a ac\u00e7\u00e3o dos jesu\u00edtas. In L. Albuquerque (Dir.), <em>Portugal no Mundo<\/em> (Vol. 2, pp. 135-142). [Lisboa]: Publica\u00e7\u00f5es Alfa.<\/p>\n<p>John, K. J. (1998). International trade in Cochin in the 16th century. In A. T. Matos &amp; L. F. F. R. Thomaz (Eds.). <em>A Carreira da \u00cdndia e as Rotas dos Estreitos<\/em> (pp. 295-308). Angra do Heroismo: Actas do VII Semin\u00e1rio Internacional de Hist\u00f3ria Indo-Portuguesa.<\/p>\n<p>Lagoa, V. (1950-53). <em>Gloss\u00e1rio Topon\u00edmico da Antiga Historiografia Portuguesa Ultramarina<\/em>. 4 vols. Lisboa: Junta de Investiga\u00e7\u00f5es Coloniais.<\/p>\n<p>Leider, J. P. (2010). Southeast Asian Buddhist Monks in The Peregrina\u00e7\u00e3o. Tracing the Rolins of Fern\u00e3o Mendes Pinto in the Eastern Bay of Bengal. In J. S. Alves (Dir.). <em>Fern\u00e3o Mendes Pinto and the Peregrina\u00e7\u00e3o<\/em> (Vol. 1, pp. 145-162). Lisbon: Funda\u00e7\u00e3o Oriente.<\/p>\n<p>Loureiro, R. M. (1996). <em>Em busca das origens de Macau<\/em>. Lisboa: Grupo de Trabalho do Minist\u00e9rio da Educa\u00e7\u00e3o para as Comemora\u00e7\u00f5es dos Descobrimentos Portugueses.<\/p>\n<p>Marques, A. P. (1991). <em>A Historiografia dos Descobrimentos Portugueses<\/em>. Coimbra: Livraria Minerva.<\/p>\n<p>Marques, A. P. (1996). <em>A Cartografia Portuguesa do Jap\u00e3o<\/em>. The Portuguese Cartography of Japan. Lisboa: Imprensa Nacional &#8211; Casa da Moeda.<\/p>\n<p>Meyer, M. C., Sherman,W. L., &amp; Deeds, W. L. (2007). <em>The Course of Mexican History<\/em> (8th ed.). New York \/ Oxford: Oxford University Press.<\/p>\n<p>Moraes, W. (1920). <em>Fern\u00e3o Mendes Pinto no Jap\u00e3o<\/em>. In O Com\u00e9rcio do Porto, (Sep). Reedi\u00e7\u00e3o e introdu\u00e7\u00e3o de Ana Paula Laborinho (2004). Lisboa: Imprensa Nacional &#8211; Casa da Moeda.<\/p>\n<p>Pinto, C. A. (2007). A Miseric\u00f3rida de Diu: o castelo, a igreja e o hospital. In A. F. Meneses, &amp; J. P. O. Costa (Eds.). <em>O Reino, as Ilhas e o Mar Oceano. Estudos em homenagem a Artur Teodoro de Matos<\/em> (Vol. 2, pp. 771-784). Ponta Delgada, Lisboa: Universidade dos A\u00e7ores \/ CHAM.<\/p>\n<p>Pinto, F. M. (1989). <em>Peregrina\u00e7\u00e3o &amp; Cartas<\/em>. 2 vols. Lisboa: Fernando Ribeiro de Mello \/ Edi\u00e7\u00f5es Afrodite.<\/p>\n<p>Rodrigues, V. L. G. (2007). <em>O Munic\u00edpio de Goa, pe\u00e7a fundamental para a afirma\u00e7\u00e3o e sobreviv\u00eancia do \u2018Estado da \u00cdndia<\/em>. In A. F. Meneses, &amp; J. P. O. Costa (Coords.). O Reino, as Ilhas e o Mar Oceano. Estudos em homenagem a Artur Teodoro de Matos (vol. 2, pp. 669-684). Ponta Delgada, Lisboa: Universidade dos A\u00e7ores \/ CHAM.<\/p>\n<p>Subrahmanyam, S. (1998). The trading world of the western Indian Ocean, 1546-1565: A political interpretation. In A. T. Matos &amp; L. F. F. R. Thomaz (Eds.), <em>A Carreira da \u00cdndia e as Rotas dos Estreitos<\/em> (pp. 207-227). Angra do Heroismo: Actas do VII Semin\u00e1rio Internacional de Hist\u00f3ria Indo-Portuguesa.<\/p>\n<p>Subrahmanyam, S. (1990). Profit at the Apostle\u2019s feet: the Portuguese in the 16th century S\u00e3o Tome de Meliapor. In J. Aubin (Ed.), <em>La decouverte, le Portugal et l\u2019Europe<\/em> (pp. 217-233). Paris: Fondation Calouste Gulbenkian \/ Centre Culturel Portugais.<\/p>\n<p>Tavim, J. A. R. S. (2002). A cidade Portuguesa de Santa Cruz de Cochim ou Cochim de Baixo. Algumas Perspectivas. In L. F. Thomaz (Ed.), <em>Aquem e Alem da Trapobana<\/em>. Estudos Luso-Orientais \u00e0 mem\u00f3ria de Jean Aubin e Denys Lombard (pp. 135-189). Lisboa: CHAM \/ Universidade de Lisboa.<\/p>\n<p>Thomaz, L. F. F. R. (1998). A quest\u00e3o da pimenta em meados do s\u00e9culo XVI. In A. T. Matos &amp; L. F. F. R. Thomaz (Eds.), <em>A Carreira da \u00cdndia e as Rotas dos Estreitos<\/em> (pp. 37-206). Angra do Heroismo: Actas do VII Semin\u00e1rio Internacional de Hist\u00f3ria Indo-Portuguesa.<\/p>\n<p>Thomaz, L. F. F. R. (2002). O malogrado estabelecimento oficial dos portugueses em Sunda e a islamiza\u00e7\u00e3o de Java. In L. F. Thomaz (Ed.), <em>Aquem e Alem da Trapobana<\/em>. Estudos Luso-Orientais \u00e0 mem\u00f3ria de Jean Aubin e Denys Lombard (pp. 381-618). Lisboa: CHAM \/ Universidade de Lisboa.<br \/>\nThomas, N. (1993-1999) (Series Ed.). Mercator Media Guide. 3 vols. Wales: University of Wales Press.<\/p>\n<p>Vittrant, A. (2010). Aire linguistique Asie du Sud-Est continentale: le birman en fait-il partie?. <em>Moussons. Recherche en sciences humaines sur l\u2019Asie du Sud-Est<\/em>, 16, 7-38. Dispon\u00edvel em: <a href=\"http:\/\/moussons.revues.org\/94\">http:\/\/moussons.revues.org\/94<\/a><\/p>\n<p>Wheeler, C. (2010). A Coastal Paronama of Cochinchina (Vietnam) and Champa in the Peregrina\u00e7\u00e3o. In J. S. Alves (Dir.), <em>Fern\u00e3o Mendes Pinto and the Peregrina\u00e7\u00e3o<\/em> (Vol. 1, pp. 163-184). Lisbon: Funda\u00e7\u00e3o Oriente.<\/p>\n<h2>Fontes<\/h2>\n<p>Bluteau, R. C. R. (1712-28). <em>Vocabulario portuguez e latino, aulico, anatomico, architectonico, bellico, botanico, brasilico, comico, critico, chimico, dogmatico, dialectico, dendrologico, ecclesiastico, etymologico, economico, florifero, forense, fructifero&#8230; <\/em>Coimbra: Collegio das Artes da Companhia de Jesu. Edi\u00e7\u00e3o digital fac-similar: Biblioteca Nacional de Portugal. Dispon\u00edvel em <a href=\"http:\/\/purl.pt\/13969\">http:\/\/purl.pt\/13969<\/a><\/p>\n<p>Cruz, F. G. (1570). <em>Tractado em que se c\u00f5tam muito por est\u1ebdso as cousas da China c\u00f5 suas particularidades e assi do reyno dormuz<\/em>. Euora: Andre de Burgos. Edi\u00e7\u00e3o digital fac-similar: Biblioteca Nacional de Portugal. Dispon\u00edvel em: <a href=\"http:\/\/purl.pt\/26733\">http:\/\/purl.pt\/26733<\/a><\/p>\n<p>Pereira, B. (1647). <em>Thesouro da Lingoa Portugueza<\/em>. Lisboa: Paulo Craesbecck. Edi\u00e7\u00e3o digital fac-similar: Biblioteca Nacional de Portugal. Dispon\u00edvel em: <a href=\"http:\/\/purl.pt\/29129\">http:\/\/purl.pt\/29129<\/a><\/p>\n<p>Pinto, F. M. (1614).<em> Peregrina\u00e7am<\/em>. Lisboa: Pedro Crasbeek. Edi\u00e7\u00e3o digital fac-similar: Biblioteca Nacional de Portugal. Dispon\u00edvel em: <a href=\"http:\/\/purl.pt\/82\">http:\/\/purl.pt\/82<\/a><\/p>\n<p>Pinto, F. M. (1653).<em> The voyages and adventures, of Fernand Mendez Pinto, a Portugal &#8230; done into english by H. C. Gent<\/em>. London : printed by J. Macock, for Henry Cripps, and Lodowick Lloyd. Edi\u00e7\u00e3o digital fac-similar: Biblioteca Nacional de Portugal. Dispon\u00edvel em: <a href=\"http:\/\/purl.pt\/16425\">http:\/\/purl.pt\/16425<\/a><\/p>\n<\/div>\n<p>Para as diferentes edi\u00e7\u00f5es da Peregrina\u00e7\u00e3o em portugu\u00eas\u00a0 <a href=\"?page_id=338\">esta p\u00e1gina<\/a> oferece<a href=\"?page_id=338\"> liga\u00e7\u00f5es \u00e0s vers\u00f5es digitais<\/a> quando dispon\u00edveis.<\/p>\n<h2>Do autor do site sobre a <em>Peregrina\u00e7\u00e3o<\/em><\/h2>\n<p>Canosa, A. X., &amp; Brosig, B. (2021). Mongolian place names in Fern\u00e3o Mendes Pinto\u2019s Peregrina\u00e7\u00e3o,\u00a0<em>Acta Orientalia Academiae Scientiarum Hungaricae<\/em>,\u00a0<em>74<\/em>(2), 223-239.\u00a0 <a href=\"https:\/\/akjournals.com\/view\/journals\/062\/74\/2\/article-p223.xml\" target=\"_blank\" rel=\"noopener\">https:\/\/akjournals.com\/view\/journals\/062\/74\/2\/article-p223.xml<\/a><\/p>\n<p>Canosa, A. X. (2019). Referentes por coordenadas e georrefer\u00eancias relativas das entidades geogr\u00e1ficas mencionadas na Peregrina\u00e7\u00e3o. In C. Pazos Alonso, V. Russo, R. Vechi &amp; C. Ascenso (Eds.), <em>De Oriente a Ocidente: Estudos da Associa\u00e7\u00e3o Internacional de Lusitanistas<\/em> (vol. I, pp.11-34). Coimbra: Angelus Novus. <a href=\"https:\/\/lusitanistasail.press\/index.php\/ailpress\/catalog\/book\/164\" target=\"_blank\" rel=\"noopener\">https:\/\/lusitanistasail.press\/index.php\/ailpress\/catalog\/book\/164<\/a><\/p>\n<p>Canosa, A. X. (2017). Algumas interse\u00e7\u00f5es disciplinares na recupera\u00e7\u00e3o da geografia da Peregrina\u00e7\u00e3o de Fern\u00e3o Mendes Pinto. <em>Fluxos e Riscos<\/em>, 2(2), 23-43. <a href=\"http:\/\/www.academia.edu\/35547657\/Fluxos_and_Riscos_Vol.2_No_1_2017_\">http:\/\/www.academia.edu\/35547657\/Fluxos_and_Riscos_Vol.2_No_1_2017_<\/a><\/p>\n<p>Canosa, A. X. (2015). Estudo, selec\u00e7\u00e3o e classifica\u00e7\u00e3o de entidades geogr\u00e1ficas para um mapa global da \u201cPeregrina\u00e7\u00e3o\u201d. <em>Boletim da Academia Galega da L\u00edngua Portuguesa<\/em>, 8, 23-34. <a href=\"https:\/\/www.academia.edu\/33777912\/Estudo_selec%C3%A7%C3%A3o_e_classifica%C3%A7%C3%A3o_de_entidades_geogr%C3%A1ficas_para_um_mapa_global_da_Peregrina%C3%A7%C3%A3o\">https:\/\/www.academia.edu\/33777912\/Estudo_selec%C3%A7%C3%A3o_e_classifica%C3%A7%C3%A3o_de_entidades_geogr%C3%A1ficas_para_um_mapa_global_da_Peregrina%C3%A7%C3%A3o <\/a><\/p>\n<p>Canosa, A. X. (2013). Notas biogr\u00e1ficas e estudo das refer\u00eancias documentais de Fern\u00e3o Mendes Pinto. <em>Veredas<\/em>, 20, 9-34. <a href=\"http:\/\/ojs.lusitanistasail.org\/index.php\/Veredas\/article\/view\/2\">http:\/\/ojs.lusitanistasail.org\/index.php\/Veredas\/article\/view\/2<\/a><\/p>\n","protected":false},"excerpt":{"rendered":"<p>Bibliografia utilizada para o estudo dos lugares mencionados na Peregrina\u00e7\u00e3o. Abreviaturas DHDP Albuquerque, L. (Dir.). (1994). Dicion\u00e1rio de Hist\u00f3ria dos Descobrimentos Portugueses. 2 vols. Lisboa: Caminho. FMP Pinto, F. M. (1614). Peregrina\u00e7am. Lisboa: Pedro Crasbeek. Edi\u00e7\u00e3o digital fac-similar: Biblioteca Nacional de Portugal. Dispon\u00edvel em: http:\/\/purl.pt\/82 FMPP Alves, J. S. (Dir.). (2010). Fern\u00e3o Mendes Pinto and &hellip; <\/p>\n<p class=\"link-more\"><a href=\"https:\/\/www.pucau.org\/?page_id=219\" class=\"more-link\">Continue reading<span class=\"screen-reader-text\"> &#8220;Bibliografia&#8221;<\/span><\/a><\/p>\n","protected":false},"author":2,"featured_media":0,"parent":0,"menu_order":0,"comment_status":"closed","ping_status":"closed","template":"","meta":{"_monsterinsights_skip_tracking":false,"_monsterinsights_sitenote_active":false,"_monsterinsights_sitenote_note":"","_monsterinsights_sitenote_category":0,"footnotes":""},"_links":{"self":[{"href":"https:\/\/www.pucau.org\/index.php?rest_route=\/wp\/v2\/pages\/219"}],"collection":[{"href":"https:\/\/www.pucau.org\/index.php?rest_route=\/wp\/v2\/pages"}],"about":[{"href":"https:\/\/www.pucau.org\/index.php?rest_route=\/wp\/v2\/types\/page"}],"author":[{"embeddable":true,"href":"https:\/\/www.pucau.org\/index.php?rest_route=\/wp\/v2\/users\/2"}],"replies":[{"embeddable":true,"href":"https:\/\/www.pucau.org\/index.php?rest_route=%2Fwp%2Fv2%2Fcomments&post=219"}],"version-history":[{"count":20,"href":"https:\/\/www.pucau.org\/index.php?rest_route=\/wp\/v2\/pages\/219\/revisions"}],"predecessor-version":[{"id":346,"href":"https:\/\/www.pucau.org\/index.php?rest_route=\/wp\/v2\/pages\/219\/revisions\/346"}],"wp:attachment":[{"href":"https:\/\/www.pucau.org\/index.php?rest_route=%2Fwp%2Fv2%2Fmedia&parent=219"}],"curies":[{"name":"wp","href":"https:\/\/api.w.org\/{rel}","templated":true}]}}