{"id":296,"date":"2018-09-12T08:49:56","date_gmt":"2018-09-12T08:49:56","guid":{"rendered":"http:\/\/www.pucau.org\/?page_id=296"},"modified":"2021-12-29T18:22:12","modified_gmt":"2021-12-29T18:22:12","slug":"novo","status":"publish","type":"page","link":"https:\/\/www.pucau.org\/?page_id=296","title":{"rendered":"Novo"},"content":{"rendered":"<p>2021\/12\/29<br \/>\nNova p\u00e1gina com <a href=\"?page_id=338\">liga\u00e7\u00f5es \u00e0s c\u00f3pias digitais das edi\u00e7\u00f5es portuguesas da Peregrina\u00e7\u00e3o do s\u00e9culo XVII ao XIX.<\/a><\/p>\n<p>2020\/12\/27<br \/>\nNovas refer\u00eancias bibliogr\u00e1ficas.<\/p>\n<p>2019\/07\/16<br \/>\nNova refer\u00eancia bibliogr\u00e1fica na p\u00e1gina de <a href=\"http:\/\/www.pucau.org\/?page_id=58\">elabora\u00e7\u00e3o do corpus<\/a>.<\/p>\n<p>2018\/09\/12<br \/>\nNova refer\u00eancia bibliogr\u00e1fica na p\u00e1gina de <a href=\"http:\/\/www.pucau.org\/?page_id=58\">elabora\u00e7\u00e3o do corpus<\/a>.<\/p>\n<p>2018\/05\/31<br \/>\nOs cap\u00edtulos 117-131, referidos aos epis\u00f3dios com os T\u00e1rtaros, foram alinhados com os correspondentes da primeira tradu\u00e7\u00e3o inglesa para criar um corpus paralelo chamado de corpus da Tart\u00e1ria <a href=\"http:\/\/www.pucau.org\/?page_id=276\">dispon\u00edvel como tabela html<\/a>.<\/p>\n","protected":false},"excerpt":{"rendered":"<p>2021\/12\/29 Nova p\u00e1gina com liga\u00e7\u00f5es \u00e0s c\u00f3pias digitais das edi\u00e7\u00f5es portuguesas da Peregrina\u00e7\u00e3o do s\u00e9culo XVII ao XIX. 2020\/12\/27 Novas refer\u00eancias bibliogr\u00e1ficas. 2019\/07\/16 Nova refer\u00eancia bibliogr\u00e1fica na p\u00e1gina de elabora\u00e7\u00e3o do corpus. 2018\/09\/12 Nova refer\u00eancia bibliogr\u00e1fica na p\u00e1gina de elabora\u00e7\u00e3o do corpus. 2018\/05\/31 Os cap\u00edtulos 117-131, referidos aos epis\u00f3dios com os T\u00e1rtaros, foram alinhados com &hellip; <\/p>\n<p class=\"link-more\"><a href=\"https:\/\/www.pucau.org\/?page_id=296\" class=\"more-link\">Continue reading<span class=\"screen-reader-text\"> &#8220;Novo&#8221;<\/span><\/a><\/p>\n","protected":false},"author":2,"featured_media":0,"parent":0,"menu_order":0,"comment_status":"closed","ping_status":"closed","template":"","meta":{"_monsterinsights_skip_tracking":false,"_monsterinsights_sitenote_active":false,"_monsterinsights_sitenote_note":"","_monsterinsights_sitenote_category":0,"footnotes":""},"_links":{"self":[{"href":"https:\/\/www.pucau.org\/index.php?rest_route=\/wp\/v2\/pages\/296"}],"collection":[{"href":"https:\/\/www.pucau.org\/index.php?rest_route=\/wp\/v2\/pages"}],"about":[{"href":"https:\/\/www.pucau.org\/index.php?rest_route=\/wp\/v2\/types\/page"}],"author":[{"embeddable":true,"href":"https:\/\/www.pucau.org\/index.php?rest_route=\/wp\/v2\/users\/2"}],"replies":[{"embeddable":true,"href":"https:\/\/www.pucau.org\/index.php?rest_route=%2Fwp%2Fv2%2Fcomments&post=296"}],"version-history":[{"count":8,"href":"https:\/\/www.pucau.org\/index.php?rest_route=\/wp\/v2\/pages\/296\/revisions"}],"predecessor-version":[{"id":352,"href":"https:\/\/www.pucau.org\/index.php?rest_route=\/wp\/v2\/pages\/296\/revisions\/352"}],"wp:attachment":[{"href":"https:\/\/www.pucau.org\/index.php?rest_route=%2Fwp%2Fv2%2Fmedia&parent=296"}],"curies":[{"name":"wp","href":"https:\/\/api.w.org\/{rel}","templated":true}]}}